{"id":215,"date":"2022-08-01T03:43:48","date_gmt":"2022-08-01T03:43:48","guid":{"rendered":"https:\/\/apuntic.com\/?page_id=215"},"modified":"2024-08-18T02:26:21","modified_gmt":"2024-08-18T02:26:21","slug":"smart-solutions","status":"publish","type":"page","link":"https:\/\/apuntic.com\/index.php\/smart-solutions\/","title":{"rendered":"Waiter\u00b4s"},"content":{"rendered":"\t\t<div data-elementor-type=\"wp-page\" data-elementor-id=\"215\" class=\"elementor elementor-215\">\n\t\t\t\t\t\t<section class=\"elementor-section elementor-top-section elementor-element elementor-element-63e7955 elementor-section-stretched elementor-section-full_width elementor-section-height-default elementor-section-height-default\" data-id=\"63e7955\" data-element_type=\"section\" data-settings=\"{&quot;stretch_section&quot;:&quot;section-stretched&quot;}\">\n\t\t\t\t\t\t\t<div class=\"elementor-background-overlay\"><\/div>\n\t\t\t\t\t\t\t<div class=\"elementor-container elementor-column-gap-no\">\n\t\t\t\t\t<div class=\"elementor-column elementor-col-100 elementor-top-column elementor-element elementor-element-281acfc\" data-id=\"281acfc\" data-element_type=\"column\">\n\t\t\t<div class=\"elementor-widget-wrap elementor-element-populated\">\n\t\t\t\t\t\t<div class=\"elementor-element elementor-element-e534c98 elementor-widget elementor-widget-video\" data-id=\"e534c98\" data-element_type=\"widget\" data-settings=\"{&quot;youtube_url&quot;:&quot;https:\\\/\\\/www.youtube.com\\\/watch?v=spTPYFHy1QI&quot;,&quot;autoplay&quot;:&quot;yes&quot;,&quot;video_type&quot;:&quot;youtube&quot;,&quot;controls&quot;:&quot;yes&quot;}\" data-widget_type=\"video.default\">\n\t\t\t\t<div class=\"elementor-widget-container\">\n\t\t\t\t\t\t\t<div class=\"elementor-wrapper elementor-open-inline\">\n\t\t\t<div class=\"elementor-video\"><\/div>\t\t<\/div>\n\t\t\t\t\t\t<\/div>\n\t\t\t\t<\/div>\n\t\t\t\t\t<\/div>\n\t\t<\/div>\n\t\t\t\t\t<\/div>\n\t\t<\/section>\n\t\t\t\t<section class=\"elementor-section elementor-top-section elementor-element elementor-element-1eeca6a1 elementor-section-content-middle elementor-section-full_width elementor-section-stretched elementor-section-height-default elementor-section-height-default\" data-id=\"1eeca6a1\" data-element_type=\"section\" data-settings=\"{&quot;background_background&quot;:&quot;classic&quot;,&quot;stretch_section&quot;:&quot;section-stretched&quot;}\">\n\t\t\t\t\t\t\t<div class=\"elementor-background-overlay\"><\/div>\n\t\t\t\t\t\t\t<div class=\"elementor-container elementor-column-gap-default\">\n\t\t\t\t\t<div class=\"elementor-column elementor-col-100 elementor-top-column elementor-element elementor-element-3f4fc50c\" data-id=\"3f4fc50c\" data-element_type=\"column\">\n\t\t\t<div class=\"elementor-widget-wrap elementor-element-populated\">\n\t\t\t\t\t\t<div class=\"elementor-element elementor-element-32208e02 elementor-widget elementor-widget-heading\" data-id=\"32208e02\" data-element_type=\"widget\" data-widget_type=\"heading.default\">\n\t\t\t\t<div class=\"elementor-widget-container\">\n\t\t\t\t\t<h2 class=\"elementor-heading-title elementor-size-default\">The future is Waiter\u00b4s<\/h2>\t\t\t\t<\/div>\n\t\t\t\t<\/div>\n\t\t\t\t<div class=\"elementor-element elementor-element-54b905e5 elementor-widget elementor-widget-text-editor\" data-id=\"54b905e5\" data-element_type=\"widget\" data-widget_type=\"text-editor.default\">\n\t\t\t\t<div class=\"elementor-widget-container\">\n\t\t\t\t\t\t\t\t\t<p id=\"tw-target-text\" class=\"tw-data-text tw-text-large tw-ta\" dir=\"ltr\" data-placeholder=\"Traducci\u00f3n\"><span class=\"Y2IQFc\" lang=\"es\">Los robots de entrega de alimentos pueden mejorar la eficiencia del servicio, reducir los costos laborales y crear caracter\u00edsticas de servicio para la industria de alimentos. Adem\u00e1s de servir platos en restaurantes, tambi\u00e9n se puede utilizar para servir t\u00e9 y agua en oficinas, enviar y recibir entregas urgentes, entregar comida para llevar y proporcionar servicios de distribuci\u00f3n de mercanc\u00edas para la industria hotelera.<\/span><\/p>\t\t\t\t\t\t\t\t<\/div>\n\t\t\t\t<\/div>\n\t\t\t\t<section class=\"elementor-section elementor-inner-section elementor-element elementor-element-55fd57e3 elementor-section-boxed elementor-section-height-default elementor-section-height-default\" data-id=\"55fd57e3\" data-element_type=\"section\">\n\t\t\t\t\t\t<div class=\"elementor-container elementor-column-gap-wider\">\n\t\t\t\t\t<div class=\"elementor-column elementor-col-33 elementor-inner-column elementor-element elementor-element-76c0eba9\" data-id=\"76c0eba9\" data-element_type=\"column\">\n\t\t\t<div class=\"elementor-widget-wrap elementor-element-populated\">\n\t\t\t\t\t\t<div class=\"elementor-element elementor-element-48a9753 elementor-view-framed elementor-shape-square elementor-position-top elementor-mobile-position-top elementor-widget elementor-widget-icon-box\" data-id=\"48a9753\" data-element_type=\"widget\" data-widget_type=\"icon-box.default\">\n\t\t\t\t<div class=\"elementor-widget-container\">\n\t\t\t\t\t\t\t<div class=\"elementor-icon-box-wrapper\">\n\n\t\t\t\t\t\t<div class=\"elementor-icon-box-icon\">\n\t\t\t\t<span  class=\"elementor-icon elementor-animation-grow\">\n\t\t\t\t<i aria-hidden=\"true\" class=\"fas fa-star\"><\/i>\t\t\t\t<\/span>\n\t\t\t<\/div>\n\t\t\t\n\t\t\t\t\t\t<div class=\"elementor-icon-box-content\">\n\n\t\t\t\t\t\t\t\t\t<h3 class=\"elementor-icon-box-title\">\n\t\t\t\t\t\t<span  >\n\t\t\t\t\t\t\tFlexible Structure\t\t\t\t\t\t<\/span>\n\t\t\t\t\t<\/h3>\n\t\t\t\t\n\t\t\t\t\t\t\t\t\t<p class=\"elementor-icon-box-description\">\n\t\t\t\t\t\tEl robot de servicio puede funcionar de manera estable y eficiente en varios escenarios de aplicaci\u00f3n.\t\t\t\t\t<\/p>\n\t\t\t\t\n\t\t\t<\/div>\n\t\t\t\n\t\t<\/div>\n\t\t\t\t\t\t<\/div>\n\t\t\t\t<\/div>\n\t\t\t\t\t<\/div>\n\t\t<\/div>\n\t\t\t\t<div class=\"elementor-column elementor-col-33 elementor-inner-column elementor-element elementor-element-67ccd696\" data-id=\"67ccd696\" data-element_type=\"column\">\n\t\t\t<div class=\"elementor-widget-wrap elementor-element-populated\">\n\t\t\t\t\t\t<div class=\"elementor-element elementor-element-4e8d7ae8 elementor-view-framed elementor-shape-square elementor-position-top elementor-mobile-position-top elementor-widget elementor-widget-icon-box\" data-id=\"4e8d7ae8\" data-element_type=\"widget\" data-widget_type=\"icon-box.default\">\n\t\t\t\t<div class=\"elementor-widget-container\">\n\t\t\t\t\t\t\t<div class=\"elementor-icon-box-wrapper\">\n\n\t\t\t\t\t\t<div class=\"elementor-icon-box-icon\">\n\t\t\t\t<span  class=\"elementor-icon elementor-animation-grow\">\n\t\t\t\t<i aria-hidden=\"true\" class=\"fas fa-star\"><\/i>\t\t\t\t<\/span>\n\t\t\t<\/div>\n\t\t\t\n\t\t\t\t\t\t<div class=\"elementor-icon-box-content\">\n\n\t\t\t\t\t\t\t\t\t<h3 class=\"elementor-icon-box-title\">\n\t\t\t\t\t\t<span  >\n\t\t\t\t\t\t\tSmart Location\t\t\t\t\t\t<\/span>\n\t\t\t\t\t<\/h3>\n\t\t\t\t\n\t\t\t\t\t\t\t\t\t<p class=\"elementor-icon-box-description\">\n\t\t\t\t\t\tEquipado con un sistema de construcci\u00f3n de mapas y localizaci\u00f3n.\t\t\t\t\t<\/p>\n\t\t\t\t\n\t\t\t<\/div>\n\t\t\t\n\t\t<\/div>\n\t\t\t\t\t\t<\/div>\n\t\t\t\t<\/div>\n\t\t\t\t\t<\/div>\n\t\t<\/div>\n\t\t\t\t<div class=\"elementor-column elementor-col-33 elementor-inner-column elementor-element elementor-element-690146d9\" data-id=\"690146d9\" data-element_type=\"column\">\n\t\t\t<div class=\"elementor-widget-wrap elementor-element-populated\">\n\t\t\t\t\t\t<div class=\"elementor-element elementor-element-16d2d09e elementor-view-framed elementor-shape-square elementor-position-top elementor-mobile-position-top elementor-widget elementor-widget-icon-box\" data-id=\"16d2d09e\" data-element_type=\"widget\" data-widget_type=\"icon-box.default\">\n\t\t\t\t<div class=\"elementor-widget-container\">\n\t\t\t\t\t\t\t<div class=\"elementor-icon-box-wrapper\">\n\n\t\t\t\t\t\t<div class=\"elementor-icon-box-icon\">\n\t\t\t\t<span  class=\"elementor-icon elementor-animation-grow\">\n\t\t\t\t<i aria-hidden=\"true\" class=\"fas fa-star\"><\/i>\t\t\t\t<\/span>\n\t\t\t<\/div>\n\t\t\t\n\t\t\t\t\t\t<div class=\"elementor-icon-box-content\">\n\n\t\t\t\t\t\t\t\t\t<h3 class=\"elementor-icon-box-title\">\n\t\t\t\t\t\t<span  >\n\t\t\t\t\t\t\tAdjustable Trays\t\t\t\t\t\t<\/span>\n\t\t\t\t\t<\/h3>\n\t\t\t\t\n\t\t\t\t\t\t\t\t\t<p class=\"elementor-icon-box-description\">\n\t\t\t\t\t\tEquipado con un sistema de construcci\u00f3n de mapas y localizaci\u00f3n\t\t\t\t\t<\/p>\n\t\t\t\t\n\t\t\t<\/div>\n\t\t\t\n\t\t<\/div>\n\t\t\t\t\t\t<\/div>\n\t\t\t\t<\/div>\n\t\t\t\t\t<\/div>\n\t\t<\/div>\n\t\t\t\t\t<\/div>\n\t\t<\/section>\n\t\t\t\t\t<\/div>\n\t\t<\/div>\n\t\t\t\t\t<\/div>\n\t\t<\/section>\n\t\t\t\t<section class=\"elementor-section elementor-top-section elementor-element elementor-element-d3df7c8 elementor-section-content-middle elementor-section-full_width elementor-section-stretched elementor-section-height-default elementor-section-height-default\" data-id=\"d3df7c8\" data-element_type=\"section\" data-settings=\"{&quot;background_background&quot;:&quot;classic&quot;,&quot;stretch_section&quot;:&quot;section-stretched&quot;}\">\n\t\t\t\t\t\t\t<div class=\"elementor-background-overlay\"><\/div>\n\t\t\t\t\t\t\t<div class=\"elementor-container elementor-column-gap-default\">\n\t\t\t\t\t<div class=\"elementor-column elementor-col-100 elementor-top-column elementor-element elementor-element-8386b50\" data-id=\"8386b50\" data-element_type=\"column\">\n\t\t\t<div class=\"elementor-widget-wrap elementor-element-populated\">\n\t\t\t\t\t\t<div class=\"elementor-element elementor-element-2239886 elementor-view-default elementor-widget elementor-widget-icon\" data-id=\"2239886\" data-element_type=\"widget\" data-widget_type=\"icon.default\">\n\t\t\t\t<div class=\"elementor-widget-container\">\n\t\t\t\t\t\t\t<div class=\"elementor-icon-wrapper\">\n\t\t\t<div class=\"elementor-icon\">\n\t\t\t<i aria-hidden=\"true\" class=\"fas fa-star\"><\/i>\t\t\t<\/div>\n\t\t<\/div>\n\t\t\t\t\t\t<\/div>\n\t\t\t\t<\/div>\n\t\t\t\t<div class=\"elementor-element elementor-element-2f7542f elementor-widget elementor-widget-heading\" data-id=\"2f7542f\" data-element_type=\"widget\" data-widget_type=\"heading.default\">\n\t\t\t\t<div class=\"elementor-widget-container\">\n\t\t\t\t\t<h2 class=\"elementor-heading-title elementor-size-default\">Construcci\u00f3n de Waiter\u00b4s<\/h2>\t\t\t\t<\/div>\n\t\t\t\t<\/div>\n\t\t\t\t<div class=\"elementor-element elementor-element-84af4cf elementor-widget elementor-widget-text-editor\" data-id=\"84af4cf\" data-element_type=\"widget\" data-widget_type=\"text-editor.default\">\n\t\t\t\t<div class=\"elementor-widget-container\">\n\t\t\t\t\t\t\t\t\t<p>Waiter\u00b4s surge con la de idea de automatizar los servicios de atenci\u00f3n.<\/p>\t\t\t\t\t\t\t\t<\/div>\n\t\t\t\t<\/div>\n\t\t\t\t\t<\/div>\n\t\t<\/div>\n\t\t\t\t\t<\/div>\n\t\t<\/section>\n\t\t\t\t<section class=\"elementor-section elementor-top-section elementor-element elementor-element-fe5b4ea elementor-section-stretched elementor-section-boxed elementor-section-height-default elementor-section-height-default\" data-id=\"fe5b4ea\" data-element_type=\"section\" data-settings=\"{&quot;stretch_section&quot;:&quot;section-stretched&quot;,&quot;background_background&quot;:&quot;classic&quot;}\">\n\t\t\t\t\t\t<div class=\"elementor-container elementor-column-gap-default\">\n\t\t\t\t\t<div class=\"elementor-column elementor-col-33 elementor-top-column elementor-element elementor-element-a3174dc\" data-id=\"a3174dc\" data-element_type=\"column\">\n\t\t\t<div class=\"elementor-widget-wrap elementor-element-populated\">\n\t\t\t\t\t\t<div class=\"elementor-element elementor-element-6120b32 elementor-widget elementor-widget-image\" data-id=\"6120b32\" data-element_type=\"widget\" data-widget_type=\"image.default\">\n\t\t\t\t<div class=\"elementor-widget-container\">\n\t\t\t\t\t\t\t\t\t\t\t\t\t\t\t<img fetchpriority=\"high\" decoding=\"async\" width=\"1200\" height=\"897\" src=\"https:\/\/apuntic.com\/wp-content\/uploads\/2022\/08\/3-1200x897.jpeg\" class=\"attachment-large size-large wp-image-260\" alt=\"\" srcset=\"https:\/\/apuntic.com\/wp-content\/uploads\/2022\/08\/3-1200x897.jpeg 1200w, https:\/\/apuntic.com\/wp-content\/uploads\/2022\/08\/3-500x374.jpeg 500w, https:\/\/apuntic.com\/wp-content\/uploads\/2022\/08\/3-300x224.jpeg 300w, https:\/\/apuntic.com\/wp-content\/uploads\/2022\/08\/3-768x574.jpeg 768w, https:\/\/apuntic.com\/wp-content\/uploads\/2022\/08\/3-1536x1148.jpeg 1536w, https:\/\/apuntic.com\/wp-content\/uploads\/2022\/08\/3-100x75.jpeg 100w, https:\/\/apuntic.com\/wp-content\/uploads\/2022\/08\/3-480x359.jpeg 480w, https:\/\/apuntic.com\/wp-content\/uploads\/2022\/08\/3.jpeg 1600w\" sizes=\"(max-width:767px) 480px, (max-width:1200px) 100vw, 1200px\" \/>\t\t\t\t\t\t\t\t\t\t\t\t\t\t\t<\/div>\n\t\t\t\t<\/div>\n\t\t\t\t\t<\/div>\n\t\t<\/div>\n\t\t\t\t<div class=\"elementor-column elementor-col-33 elementor-top-column elementor-element elementor-element-7f6af04\" data-id=\"7f6af04\" data-element_type=\"column\">\n\t\t\t<div class=\"elementor-widget-wrap elementor-element-populated\">\n\t\t\t\t\t\t<div class=\"elementor-element elementor-element-0957a2f elementor-widget elementor-widget-image\" data-id=\"0957a2f\" data-element_type=\"widget\" data-widget_type=\"image.default\">\n\t\t\t\t<div class=\"elementor-widget-container\">\n\t\t\t\t\t\t\t\t\t\t\t\t\t\t\t<img decoding=\"async\" width=\"1200\" height=\"897\" src=\"https:\/\/apuntic.com\/wp-content\/uploads\/2022\/08\/1-1200x897.jpeg\" class=\"attachment-large size-large wp-image-258\" alt=\"\" srcset=\"https:\/\/apuntic.com\/wp-content\/uploads\/2022\/08\/1-1200x897.jpeg 1200w, https:\/\/apuntic.com\/wp-content\/uploads\/2022\/08\/1-500x374.jpeg 500w, https:\/\/apuntic.com\/wp-content\/uploads\/2022\/08\/1-300x224.jpeg 300w, https:\/\/apuntic.com\/wp-content\/uploads\/2022\/08\/1-768x574.jpeg 768w, https:\/\/apuntic.com\/wp-content\/uploads\/2022\/08\/1-1536x1148.jpeg 1536w, https:\/\/apuntic.com\/wp-content\/uploads\/2022\/08\/1-100x75.jpeg 100w, https:\/\/apuntic.com\/wp-content\/uploads\/2022\/08\/1-480x359.jpeg 480w, https:\/\/apuntic.com\/wp-content\/uploads\/2022\/08\/1.jpeg 1600w\" sizes=\"(max-width:767px) 480px, (max-width:1200px) 100vw, 1200px\" \/>\t\t\t\t\t\t\t\t\t\t\t\t\t\t\t<\/div>\n\t\t\t\t<\/div>\n\t\t\t\t\t<\/div>\n\t\t<\/div>\n\t\t\t\t<div class=\"elementor-column elementor-col-33 elementor-top-column elementor-element elementor-element-44b7153\" data-id=\"44b7153\" data-element_type=\"column\">\n\t\t\t<div class=\"elementor-widget-wrap elementor-element-populated\">\n\t\t\t\t\t\t<div class=\"elementor-element elementor-element-fa0f20d elementor-widget elementor-widget-image\" data-id=\"fa0f20d\" data-element_type=\"widget\" data-widget_type=\"image.default\">\n\t\t\t\t<div class=\"elementor-widget-container\">\n\t\t\t\t\t\t\t\t\t\t\t\t\t\t\t<img decoding=\"async\" width=\"1200\" height=\"897\" src=\"https:\/\/apuntic.com\/wp-content\/uploads\/2022\/08\/2-1200x897.jpeg\" class=\"attachment-large size-large wp-image-259\" alt=\"\" srcset=\"https:\/\/apuntic.com\/wp-content\/uploads\/2022\/08\/2-1200x897.jpeg 1200w, https:\/\/apuntic.com\/wp-content\/uploads\/2022\/08\/2-500x374.jpeg 500w, https:\/\/apuntic.com\/wp-content\/uploads\/2022\/08\/2-300x224.jpeg 300w, https:\/\/apuntic.com\/wp-content\/uploads\/2022\/08\/2-768x574.jpeg 768w, https:\/\/apuntic.com\/wp-content\/uploads\/2022\/08\/2-1536x1148.jpeg 1536w, https:\/\/apuntic.com\/wp-content\/uploads\/2022\/08\/2-100x75.jpeg 100w, https:\/\/apuntic.com\/wp-content\/uploads\/2022\/08\/2-480x359.jpeg 480w, https:\/\/apuntic.com\/wp-content\/uploads\/2022\/08\/2.jpeg 1600w\" sizes=\"(max-width:767px) 480px, (max-width:1200px) 100vw, 1200px\" \/>\t\t\t\t\t\t\t\t\t\t\t\t\t\t\t<\/div>\n\t\t\t\t<\/div>\n\t\t\t\t\t<\/div>\n\t\t<\/div>\n\t\t\t\t\t<\/div>\n\t\t<\/section>\n\t\t\t\t<section class=\"elementor-section elementor-top-section elementor-element elementor-element-ac1f6bc elementor-section-stretched elementor-section-boxed elementor-section-height-default elementor-section-height-default\" data-id=\"ac1f6bc\" data-element_type=\"section\" data-settings=\"{&quot;stretch_section&quot;:&quot;section-stretched&quot;,&quot;background_background&quot;:&quot;classic&quot;}\">\n\t\t\t\t\t\t<div class=\"elementor-container elementor-column-gap-default\">\n\t\t\t\t\t<div class=\"elementor-column elementor-col-33 elementor-top-column elementor-element elementor-element-48f3d27\" data-id=\"48f3d27\" data-element_type=\"column\">\n\t\t\t<div class=\"elementor-widget-wrap elementor-element-populated\">\n\t\t\t\t\t\t<div class=\"elementor-element elementor-element-049acd4 elementor-widget elementor-widget-image\" data-id=\"049acd4\" data-element_type=\"widget\" data-widget_type=\"image.default\">\n\t\t\t\t<div class=\"elementor-widget-container\">\n\t\t\t\t\t\t\t\t\t\t\t\t\t\t\t<img loading=\"lazy\" decoding=\"async\" width=\"1200\" height=\"897\" src=\"https:\/\/apuntic.com\/wp-content\/uploads\/2022\/08\/6-1200x897.jpeg\" class=\"attachment-large size-large wp-image-263\" alt=\"\" srcset=\"https:\/\/apuntic.com\/wp-content\/uploads\/2022\/08\/6-1200x897.jpeg 1200w, https:\/\/apuntic.com\/wp-content\/uploads\/2022\/08\/6-500x374.jpeg 500w, https:\/\/apuntic.com\/wp-content\/uploads\/2022\/08\/6-300x224.jpeg 300w, https:\/\/apuntic.com\/wp-content\/uploads\/2022\/08\/6-768x574.jpeg 768w, https:\/\/apuntic.com\/wp-content\/uploads\/2022\/08\/6-1536x1148.jpeg 1536w, https:\/\/apuntic.com\/wp-content\/uploads\/2022\/08\/6-100x75.jpeg 100w, https:\/\/apuntic.com\/wp-content\/uploads\/2022\/08\/6-480x359.jpeg 480w, https:\/\/apuntic.com\/wp-content\/uploads\/2022\/08\/6.jpeg 1600w\" sizes=\"(max-width:767px) 480px, (max-width:1200px) 100vw, 1200px\" \/>\t\t\t\t\t\t\t\t\t\t\t\t\t\t\t<\/div>\n\t\t\t\t<\/div>\n\t\t\t\t\t<\/div>\n\t\t<\/div>\n\t\t\t\t<div class=\"elementor-column elementor-col-33 elementor-top-column elementor-element elementor-element-331725a\" data-id=\"331725a\" data-element_type=\"column\">\n\t\t\t<div class=\"elementor-widget-wrap elementor-element-populated\">\n\t\t\t\t\t\t<div class=\"elementor-element elementor-element-68810f1 elementor-widget elementor-widget-image\" data-id=\"68810f1\" data-element_type=\"widget\" data-widget_type=\"image.default\">\n\t\t\t\t<div class=\"elementor-widget-container\">\n\t\t\t\t\t\t\t\t\t\t\t\t\t\t\t<img loading=\"lazy\" decoding=\"async\" width=\"897\" height=\"1200\" src=\"https:\/\/apuntic.com\/wp-content\/uploads\/2022\/08\/4-897x1200.jpeg\" class=\"attachment-large size-large wp-image-261\" alt=\"\" srcset=\"https:\/\/apuntic.com\/wp-content\/uploads\/2022\/08\/4-897x1200.jpeg 897w, https:\/\/apuntic.com\/wp-content\/uploads\/2022\/08\/4-374x500.jpeg 374w, https:\/\/apuntic.com\/wp-content\/uploads\/2022\/08\/4-224x300.jpeg 224w, https:\/\/apuntic.com\/wp-content\/uploads\/2022\/08\/4-768x1027.jpeg 768w, https:\/\/apuntic.com\/wp-content\/uploads\/2022\/08\/4-1148x1536.jpeg 1148w, https:\/\/apuntic.com\/wp-content\/uploads\/2022\/08\/4-56x75.jpeg 56w, https:\/\/apuntic.com\/wp-content\/uploads\/2022\/08\/4-480x642.jpeg 480w, https:\/\/apuntic.com\/wp-content\/uploads\/2022\/08\/4.jpeg 1196w\" sizes=\"(max-width:767px) 480px, (max-width:897px) 100vw, 897px\" \/>\t\t\t\t\t\t\t\t\t\t\t\t\t\t\t<\/div>\n\t\t\t\t<\/div>\n\t\t\t\t\t<\/div>\n\t\t<\/div>\n\t\t\t\t<div class=\"elementor-column elementor-col-33 elementor-top-column elementor-element elementor-element-6a640c2\" data-id=\"6a640c2\" data-element_type=\"column\">\n\t\t\t<div class=\"elementor-widget-wrap elementor-element-populated\">\n\t\t\t\t\t\t<div class=\"elementor-element elementor-element-62f2a0c elementor-widget elementor-widget-image\" data-id=\"62f2a0c\" data-element_type=\"widget\" data-widget_type=\"image.default\">\n\t\t\t\t<div class=\"elementor-widget-container\">\n\t\t\t\t\t\t\t\t\t\t\t\t\t\t\t<img loading=\"lazy\" decoding=\"async\" width=\"1200\" height=\"897\" src=\"https:\/\/apuntic.com\/wp-content\/uploads\/2022\/08\/5-1200x897.jpeg\" class=\"attachment-large size-large wp-image-262\" alt=\"\" srcset=\"https:\/\/apuntic.com\/wp-content\/uploads\/2022\/08\/5-1200x897.jpeg 1200w, https:\/\/apuntic.com\/wp-content\/uploads\/2022\/08\/5-500x374.jpeg 500w, https:\/\/apuntic.com\/wp-content\/uploads\/2022\/08\/5-300x224.jpeg 300w, https:\/\/apuntic.com\/wp-content\/uploads\/2022\/08\/5-768x574.jpeg 768w, https:\/\/apuntic.com\/wp-content\/uploads\/2022\/08\/5-1536x1148.jpeg 1536w, https:\/\/apuntic.com\/wp-content\/uploads\/2022\/08\/5-100x75.jpeg 100w, https:\/\/apuntic.com\/wp-content\/uploads\/2022\/08\/5-480x359.jpeg 480w, https:\/\/apuntic.com\/wp-content\/uploads\/2022\/08\/5.jpeg 1600w\" sizes=\"(max-width:767px) 480px, (max-width:1200px) 100vw, 1200px\" \/>\t\t\t\t\t\t\t\t\t\t\t\t\t\t\t<\/div>\n\t\t\t\t<\/div>\n\t\t\t\t\t<\/div>\n\t\t<\/div>\n\t\t\t\t\t<\/div>\n\t\t<\/section>\n\t\t\t\t<section class=\"elementor-section elementor-top-section elementor-element elementor-element-82567ae elementor-section-content-middle elementor-section-stretched elementor-section-boxed elementor-section-height-default elementor-section-height-default\" data-id=\"82567ae\" data-element_type=\"section\" data-settings=\"{&quot;stretch_section&quot;:&quot;section-stretched&quot;,&quot;background_background&quot;:&quot;classic&quot;}\">\n\t\t\t\t\t\t\t<div class=\"elementor-background-overlay\"><\/div>\n\t\t\t\t\t\t\t<div class=\"elementor-container elementor-column-gap-no\">\n\t\t\t\t\t<div class=\"elementor-column elementor-col-100 elementor-top-column elementor-element elementor-element-482f1d5b\" data-id=\"482f1d5b\" data-element_type=\"column\">\n\t\t\t<div class=\"elementor-widget-wrap elementor-element-populated\">\n\t\t\t\t\t\t<div class=\"elementor-element elementor-element-4162deaf elementor-view-default elementor-position-top elementor-mobile-position-top elementor-widget elementor-widget-icon-box\" data-id=\"4162deaf\" data-element_type=\"widget\" data-widget_type=\"icon-box.default\">\n\t\t\t\t<div class=\"elementor-widget-container\">\n\t\t\t\t\t\t\t<div class=\"elementor-icon-box-wrapper\">\n\n\t\t\t\t\t\t<div class=\"elementor-icon-box-icon\">\n\t\t\t\t<span  class=\"elementor-icon\">\n\t\t\t\t<i aria-hidden=\"true\" class=\"fas fa-star\"><\/i>\t\t\t\t<\/span>\n\t\t\t<\/div>\n\t\t\t\n\t\t\t\t\t\t<div class=\"elementor-icon-box-content\">\n\n\t\t\t\t\t\t\t\t\t<h4 class=\"elementor-icon-box-title\">\n\t\t\t\t\t\t<span  >\n\t\t\t\t\t\t\tSistema de programaci\u00f3n inteligente\t\t\t\t\t\t<\/span>\n\t\t\t\t\t<\/h4>\n\t\t\t\t\n\t\t\t\t\t\t\t\t\t<p class=\"elementor-icon-box-description\">\n\t\t\t\t\t\tServicio m\u00e1s eficiente\t\t\t\t\t<\/p>\n\t\t\t\t\n\t\t\t<\/div>\n\t\t\t\n\t\t<\/div>\n\t\t\t\t\t\t<\/div>\n\t\t\t\t<\/div>\n\t\t\t\t<div class=\"elementor-element elementor-element-67905b33 elementor-widget elementor-widget-text-editor\" data-id=\"67905b33\" data-element_type=\"widget\" data-widget_type=\"text-editor.default\">\n\t\t\t\t<div class=\"elementor-widget-container\">\n\t\t\t\t\t\t\t\t\t<p>A trav\u00e9s de la coordinaci\u00f3n inteligente del sistema de comunicaci\u00f3n de desarrollo propio, se puede realizar la programaci\u00f3n distribuida de Inteligencia Artificial, lo que garantiza la cooperaci\u00f3n de varios robots y la optimizaci\u00f3n continua de la capacidad de carga y, por lo tanto, mejora la eficiencia general de distribuci\u00f3n.<\/p>\t\t\t\t\t\t\t\t<\/div>\n\t\t\t\t<\/div>\n\t\t\t\t\t<\/div>\n\t\t<\/div>\n\t\t\t\t\t<\/div>\n\t\t<\/section>\n\t\t\t\t<\/div>\n\t\t","protected":false},"excerpt":{"rendered":"<p>The future is Waiter\u00b4s Los robots de entrega de alimentos pueden mejorar la eficiencia del servicio, reducir los costos laborales y crear caracter\u00edsticas de servicio para<span class=\"excerpt-hellip\"> [\u2026]<\/span><\/p>\n","protected":false},"author":1,"featured_media":0,"parent":0,"menu_order":0,"comment_status":"closed","ping_status":"closed","template":"","meta":{"content-type":"","footnotes":""},"class_list":["post-215","page","type-page","status-publish","hentry"],"_links":{"self":[{"href":"https:\/\/apuntic.com\/index.php\/wp-json\/wp\/v2\/pages\/215","targetHints":{"allow":["GET"]}}],"collection":[{"href":"https:\/\/apuntic.com\/index.php\/wp-json\/wp\/v2\/pages"}],"about":[{"href":"https:\/\/apuntic.com\/index.php\/wp-json\/wp\/v2\/types\/page"}],"author":[{"embeddable":true,"href":"https:\/\/apuntic.com\/index.php\/wp-json\/wp\/v2\/users\/1"}],"replies":[{"embeddable":true,"href":"https:\/\/apuntic.com\/index.php\/wp-json\/wp\/v2\/comments?post=215"}],"version-history":[{"count":69,"href":"https:\/\/apuntic.com\/index.php\/wp-json\/wp\/v2\/pages\/215\/revisions"}],"predecessor-version":[{"id":360,"href":"https:\/\/apuntic.com\/index.php\/wp-json\/wp\/v2\/pages\/215\/revisions\/360"}],"wp:attachment":[{"href":"https:\/\/apuntic.com\/index.php\/wp-json\/wp\/v2\/media?parent=215"}],"curies":[{"name":"wp","href":"https:\/\/api.w.org\/{rel}","templated":true}]}}